{"id":51,"date":"2024-04-16T23:25:09","date_gmt":"2024-04-16T23:25:09","guid":{"rendered":"https:\/\/rodasalonso.com\/?page_id=51"},"modified":"2026-01-14T18:16:16","modified_gmt":"2026-01-14T18:16:16","slug":"reconocimientos","status":"publish","type":"page","link":"https:\/\/rodasalonso.com\/en\/reconocimientos\/","title":{"rendered":"Recognitions"},"content":{"rendered":"<body><p>[et_pb_section fb_built=\u201d1\u2033 _builder_version=\u201d4.25.1\u2033 _module_preset=\u201ddefault\u201d use_background_color_gradient=\u201don\u201d background_color_gradient_repeat=\u201don\u201d background_color_gradient_stops=\u201drgba(255,255,255,0) 0%|rgba(41,196,169,0.19) 99%\u201d background_color_gradient_overlays_image=\u201don\u201d background_image=\u201dhttps:\/\/rodasalonso.com\/wp-content\/uploads\/2024\/05\/law-firm-25.jpg\u201d custom_margin=\u201d-151px||-20px||false|false\u201d custom_margin_tablet=\u201d||-50px||false|false\u201d custom_margin_phone=\u201d||-54px||false|false\u201d custom_margin_last_edited=\u201don|tablet\u201d custom_padding=\u201d77px||0px|||\u201d global_colors_info=\u201d{}\u201d][et_pb_row _builder_version=\u201d4.25.0\u2033 _module_preset=\u201ddefault\u201d global_colors_info=\u201d{}\u201d][et_pb_column type=\u201d4_4\u2033 _builder_version=\u201d4.25.0\u2033 _module_preset=\u201ddefault\u201d global_colors_info=\u201d{}\u201d][\/et_pb_column][\/et_pb_row][\/et_pb_section][et_pb_section fb_built=\u201d1\u2033 _builder_version=\u201d4.25.0\u2033 _module_preset=\u201ddefault\u201d global_colors_info=\u201d{}\u201d][et_pb_row _builder_version=\u201d4.25.0\u2033 _module_preset=\u201ddefault\u201d global_colors_info=\u201d{}\u201d][et_pb_column type=\u201d4_4\u2033 _builder_version=\u201d4.25.0\u2033 _module_preset=\u201ddefault\u201d global_colors_info=\u201d{}\u201d][et_pb_heading title=\u201dReconocimientos\u201d _builder_version=\u201d4.25.1\u2033 _module_preset=\u201ddefault\u201d title_level=\u201dh2\u2033 title_font=\u201dCormorant SC|700|||||||\u201d title_text_align=\u201dcenter\u201d title_text_color=\u201d#0a0a0a\u201d title_font_size=\u201d40px\u201d custom_padding=\u201d12px|||||\u201d global_colors_info=\u201d{}\u201d][\/et_pb_heading][\/et_pb_column][\/et_pb_row][et_pb_row column_structure=\u201d1_6,1_6,1_6,1_6,1_6,1_6\u2033 _builder_version=\u201d4.27.5\u2033 _module_preset=\u201ddefault\u201d background_color=\u201d#157290\u2033 custom_padding=\u201d14px||15px|||\u201d global_colors_info=\u201d{}\u201d][et_pb_column type=\u201d1_6\u2033 _builder_version=\u201d4.25.0\u2033 _module_preset=\u201ddefault\u201d global_colors_info=\u201d{}\u201d][et_pb_button button_url=\u201d#2026\u2033 button_text=\u201d2026\u2033 button_alignment=\u201dcenter\u201d _builder_version=\u201d4.27.5\u2033 _module_preset=\u201ddefault\u201d custom_button=\u201don\u201d button_text_size=\u201d20px\u201d button_text_color=\u201d#FFFFFF\u201d button_bg_color=\u201dRGBA(255,255,255,0)\u201d button_border_width=\u201d0px\u201d button_border_radius=\u201d0px\u201d button_letter_spacing=\u201d5px\u201d button_icon=\u201d\"||divi||400\u2033 global_colors_info=\u201d{}\u201d][\/et_pb_button][\/et_pb_column][et_pb_column type=\u201d1_6\u2033 _builder_version=\u201d4.25.0\u2033 _module_preset=\u201ddefault\u201d global_colors_info=\u201d{}\u201d][et_pb_button button_url=\u201d#2025\u2033 button_text=\u201d2025\u2033 button_alignment=\u201dcenter\u201d _builder_version=\u201d4.27.5\u2033 _module_preset=\u201ddefault\u201d custom_button=\u201don\u201d button_text_size=\u201d20px\u201d button_text_color=\u201d#FFFFFF\u201d button_bg_color=\u201dRGBA(255,255,255,0)\u201d button_border_width=\u201d0px\u201d button_border_radius=\u201d0px\u201d button_letter_spacing=\u201d5px\u201d button_icon=\u201d\"||divi||400\u2033 global_colors_info=\u201d{}\u201d][\/et_pb_button][\/et_pb_column][et_pb_column type=\u201d1_6\u2033 _builder_version=\u201d4.25.0\u2033 _module_preset=\u201ddefault\u201d global_colors_info=\u201d{}\u201d][et_pb_button button_url=\u201d#2024\u2033 button_text=\u201d2024\u2033 button_alignment=\u201dcenter\u201d _builder_version=\u201d4.25.1\u2033 _module_preset=\u201ddefault\u201d custom_button=\u201don\u201d button_text_size=\u201d20px\u201d button_text_color=\u201d#FFFFFF\u201d button_bg_color=\u201dRGBA(255,255,255,0)\u201d button_border_width=\u201d0px\u201d button_border_radius=\u201d0px\u201d button_letter_spacing=\u201d5px\u201d button_icon=\u201d\"||divi||400\u2033 global_colors_info=\u201d{}\u201d][\/et_pb_button][\/et_pb_column][et_pb_column type=\u201d1_6\u2033 _builder_version=\u201d4.25.0\u2033 _module_preset=\u201ddefault\u201d global_colors_info=\u201d{}\u201d][et_pb_button button_url=\u201d#2023\u2033 button_text=\u201d2023\u2033 button_alignment=\u201dcenter\u201d _builder_version=\u201d4.25.1\u2033 _module_preset=\u201ddefault\u201d custom_button=\u201don\u201d button_text_size=\u201d20px\u201d button_text_color=\u201d#FFFFFF\u201d button_bg_color=\u201dRGBA(255,255,255,0)\u201d button_border_width=\u201d0px\u201d button_border_radius=\u201d0px\u201d button_letter_spacing=\u201d5px\u201d button_icon=\u201d\"||divi||400\u2033 global_colors_info=\u201d{}\u201d][\/et_pb_button][\/et_pb_column][et_pb_column type=\u201d1_6\u2033 _builder_version=\u201d4.25.0\u2033 _module_preset=\u201ddefault\u201d global_colors_info=\u201d{}\u201d][et_pb_button button_url=\u201d#2022\u2033 button_text=\u201d2022\u2033 button_alignment=\u201dcenter\u201d _builder_version=\u201d4.25.0\u2033 _module_preset=\u201ddefault\u201d custom_button=\u201don\u201d button_text_size=\u201d20px\u201d button_text_color=\u201d#FFFFFF\u201d button_bg_color=\u201dRGBA(255,255,255,0)\u201d button_border_width=\u201d0px\u201d button_border_radius=\u201d0px\u201d button_letter_spacing=\u201d5px\u201d button_icon=\u201d\"||divi||400\u2033 global_colors_info=\u201d{}\u201d][\/et_pb_button][\/et_pb_column][et_pb_column type=\u201d1_6\u2033 _builder_version=\u201d4.25.0\u2033 _module_preset=\u201ddefault\u201d global_colors_info=\u201d{}\u201d][et_pb_button button_url=\u201d#2021\u2033 button_text=\u201d2021\u2033 button_alignment=\u201dcenter\u201d _builder_version=\u201d4.25.0\u2033 _module_preset=\u201ddefault\u201d custom_button=\u201don\u201d button_text_size=\u201d20px\u201d button_text_color=\u201d#FFFFFF\u201d button_bg_color=\u201dRGBA(255,255,255,0)\u201d button_border_width=\u201d0px\u201d button_border_radius=\u201d0px\u201d button_letter_spacing=\u201d5px\u201d button_icon=\u201d\"||divi||400\u2033 global_colors_info=\u201d{}\u201d][\/et_pb_button][\/et_pb_column][\/et_pb_row][\/et_pb_section][et_pb_section fb_built=\u201d1\u2033 _builder_version=\u201d4.16\u2033 background_color=\u201d#f8fbfe\u201d custom_padding=\u201d||100px|\u201d global_colors_info=\u201d{}\u201d][et_pb_row column_structure=\u201d1_2,1_2\u2033 admin_label=\u201dRight Sided Image\u201d _builder_version=\u201d4.25.1\u2033 custom_padding=\u201d60px|0px|22px|0px||\u201d global_colors_info=\u201d{}\u201d][et_pb_column type=\u201d1_2\u2033 _builder_version=\u201d4.16\u2033 custom_padding=\u201d|||\u201d global_colors_info=\u201d{}\u201d custom_padding__hover=\u201d|||\u201d][et_pb_text module_id=\u201d2026\u2033 _builder_version=\u201d4.27.5\u2033 text_font=\u201d\u2013et_global_body_font||||||||\u201d text_text_color=\u201d#0a0808\u2033 text_font_size=\u201d18px\u201d text_line_height=\u201d1.8em\u201d header_font=\u201dCormorant SC|700|||||||\u201d header_text_align=\u201dleft\u201d header_text_color=\u201d#535b7c\u201d header_font_size=\u201d45px\u201d header_line_height=\u201d1.4em\u201d header_2_font=\u201dCormorant SC|700|||||||\u201d header_2_text_color=\u201d#0a0606\u2033 header_2_font_size=\u201d35px\u201d header_2_line_height=\u201d1.3em\u201d max_width=\u201d700px\u201d module_alignment=\u201dcenter\u201d global_colors_info=\u201d{}\u201d]<\/p>\n<h2><b><span style=\"vertical-align: inherit;\">\u201cTops m\u00e9xico 2026: los mejores abogados en m\u00e9xico\u201d<\/span><\/b><\/h2>\n<p>Accede al Top Ranking 2026 de Tops M\u00e9xico, un espacio informativo que re\u00fane a las firmas legales con mayor proyecci\u00f3n y reconocimiento en M\u00e9xico, conforme a los criterios editoriales de la publicaci\u00f3n.<\/p>\n<p>[\/et_pb_text][et_pb_button button_url=\u201dhttps:\/\/topslosmejoresabogados.com\/top-ranking\/\u201d url_new_window=\u201don\u201d button_text=\u201dVer publicaci\u00f3n\u201d _builder_version=\u201d4.27.5\u2033 _module_preset=\u201ddefault\u201d custom_button=\u201don\u201d button_text_size=\u201d15px\u201d button_text_color=\u201d#0a0a0a\u201d button_letter_spacing=\u201d2px\u201d button_font=\u201d\u2013et_global_body_font||||||||\u201d scroll_fade_enable=\u201don\u201d global_colors_info=\u201d{}\u201d][\/et_pb_button][\/et_pb_column][et_pb_column type=\u201d1_2\u2033 _builder_version=\u201d4.16\u2033 custom_padding=\u201d|||\u201d global_colors_info=\u201d{}\u201d custom_padding__hover=\u201d|||\u201d][et_pb_image src=\u201dhttps:\/\/rodasalonso.com\/wp-content\/uploads\/2026\/01\/2026rodas-1.jpg\u201d title_text=\u201d2026rodas (1)\u201d align_tablet=\u201dcenter\u201d align_phone=\u201dcenter\u201d align_last_edited=\u201don|desktop\u201d _builder_version=\u201d4.27.5\u2033 max_width=\u201d52%\u201d module_alignment=\u201dcenter\u201d animation_style=\u201dzoom\u201d animation_direction=\u201dleft\u201d animation_intensity_zoom=\u201d5%\u201d border_radii=\u201don|10px|10px|10px|10px\u201d border_width_all=\u201d1px\u201d border_color_all=\u201drgba(51,51,51,0.1)\u201d box_shadow_style=\u201dpreset1\u2033 box_shadow_vertical=\u201d10px\u201d box_shadow_blur=\u201d30px\u201d box_shadow_color=\u201drgba(34,56,101,0.09)\u201d global_colors_info=\u201d{}\u201d][\/et_pb_image][\/et_pb_column][\/et_pb_row][et_pb_row column_structure=\u201d1_2,1_2\u2033 admin_label=\u201dRight Sided Image\u201d _builder_version=\u201d4.25.1\u2033 custom_padding=\u201d60px|0px|22px|0px||\u201d custom_css_main_element=\u201ddisplay: flex;||flex-wrap: wrap;\u201d global_colors_info=\u201d{}\u201d][et_pb_column type=\u201d1_2\u2033 _builder_version=\u201d4.25.1\u2033 custom_padding=\u201d|||\u201d global_colors_info=\u201d{}\u201d custom_padding__hover=\u201d|||\u201d custom_css_main_element_last_edited=\u201don|phone\u201d custom_css_main_element_phone=\u201dorder: 1;\u201d][et_pb_image src=\u201dhttps:\/\/rodasalonso.com\/wp-content\/uploads\/2026\/01\/2025rodas.jpg\u201d title_text=\u201d2025rodas\u201d url=\u201dhttps:\/\/topslosmejoresabogados.com\/suplemento-2025\/\u201d align_tablet=\u201dcenter\u201d align_phone=\u201dcenter\u201d align_last_edited=\u201don|desktop\u201d module_id=\u201d2023\u2033 _builder_version=\u201d4.27.5\u2033 max_width=\u201d52%\u201d module_alignment=\u201dcenter\u201d custom_margin_tablet=\u201d\u201d custom_margin_phone=\u201d42px||||false|false\u201d custom_margin_last_edited=\u201don|phone\u201d animation_style=\u201dzoom\u201d animation_direction=\u201dleft\u201d animation_intensity_zoom=\u201d5%\u201d border_radii=\u201don|10px|10px|10px|10px\u201d border_width_all=\u201d1px\u201d border_color_all=\u201drgba(51,51,51,0.1)\u201d box_shadow_style=\u201dpreset1\u2033 box_shadow_vertical=\u201d10px\u201d box_shadow_blur=\u201d30px\u201d box_shadow_color=\u201drgba(34,56,101,0.09)\u201d global_colors_info=\u201d{}\u201d][\/et_pb_image][\/et_pb_column][et_pb_column type=\u201d1_2\u2033 _builder_version=\u201d4.16\u2033 custom_padding=\u201d|||\u201d global_colors_info=\u201d{}\u201d custom_padding__hover=\u201d|||\u201d][et_pb_text module_id=\u201d2025\u2033 _builder_version=\u201d4.27.5\u2033 text_font=\u201d\u2013et_global_body_font||||||||\u201d text_text_color=\u201d#0a0808\u2033 text_font_size=\u201d18px\u201d text_line_height=\u201d1.8em\u201d header_font=\u201d||||||||\u201d header_text_align=\u201dleft\u201d header_text_color=\u201d#535b7c\u201d header_font_size=\u201d45px\u201d header_line_height=\u201d1.4em\u201d header_2_font=\u201dCormorant SC|700|||||||\u201d header_2_text_color=\u201d#0a0606\u2033 header_2_font_size=\u201d35px\u201d header_2_line_height=\u201d1.3em\u201d max_width=\u201d700px\u201d module_alignment=\u201dcenter\u201d global_colors_info=\u201d{}\u201d]<\/p>\n<h2><b><span style=\"vertical-align: inherit;\">\u201cTops m\u00e9xico 2025: los mejores abogados en m\u00e9xico\u201d<\/span><\/b><\/h2>\n<p>Consulta la edici\u00f3n 2025 del ranking Tops M\u00e9xico, una publicaci\u00f3n editorial que presenta a las firmas jur\u00eddicas m\u00e1s relevantes del pa\u00eds, destacando su trayectoria, especializaci\u00f3n y presencia en el \u00e1mbito legal.<\/p>\n<p>[\/et_pb_text][et_pb_button button_url=\u201dhttps:\/\/topslosmejoresabogados.com\/suplemento-2025\/\u201d url_new_window=\u201don\u201d button_text=\u201dVer publicaci\u00f3n\u201d _builder_version=\u201d4.27.5\u2033 _module_preset=\u201ddefault\u201d custom_button=\u201don\u201d button_text_size=\u201d15px\u201d button_text_color=\u201d#0a0a0a\u201d button_letter_spacing=\u201d2px\u201d button_font=\u201d\u2013et_global_body_font||||||||\u201d scroll_fade_enable=\u201don\u201d global_colors_info=\u201d{}\u201d][\/et_pb_button][\/et_pb_column][\/et_pb_row][et_pb_row column_structure=\u201d1_2,1_2\u2033 admin_label=\u201dRight Sided Image\u201d _builder_version=\u201d4.25.1\u2033 custom_padding=\u201d60px|0px|22px|0px||\u201d global_colors_info=\u201d{}\u201d][et_pb_column type=\u201d1_2\u2033 _builder_version=\u201d4.16\u2033 custom_padding=\u201d|||\u201d global_colors_info=\u201d{}\u201d custom_padding__hover=\u201d|||\u201d][et_pb_text module_id=\u201d2024\u2033 _builder_version=\u201d4.25.1\u2033 text_font=\u201d\u2013et_global_body_font||||||||\u201d text_text_color=\u201d#0a0808\u2033 text_font_size=\u201d18px\u201d text_line_height=\u201d1.8em\u201d header_font=\u201dCormorant SC|700|||||||\u201d header_text_align=\u201dleft\u201d header_text_color=\u201d#535b7c\u201d header_font_size=\u201d45px\u201d header_line_height=\u201d1.4em\u201d header_2_font=\u201dCormorant SC|700|||||||\u201d header_2_text_color=\u201d#0a0606\u2033 header_2_font_size=\u201d35px\u201d header_2_line_height=\u201d1.3em\u201d max_width=\u201d700px\u201d module_alignment=\u201dcenter\u201d global_colors_info=\u201d{}\u201d]<\/p>\n<h2><b><span style=\"vertical-align: inherit;\"><span style=\"vertical-align: inherit;\">\u201cTops m\u00e9xico 2024: los mejores abogados en m\u00e9xico\u201d<\/span><\/span><\/b><\/h2>\n<p><span style=\"font-weight: 400;\">Rodas Alonso Abogados, S.C., fue contemplada como una de las mejores Firmas, en la categor\u00eda de Litigio, dentro de la Edici\u00f3n 2024 del ranking<\/span><\/p>\n<p>[\/et_pb_text][et_pb_button button_url=\u201dhttps:\/\/topslosmejoresabogados.com\/suplemento-2024\/\u201d url_new_window=\u201don\u201d button_text=\u201dVer publicaci\u00f3n\u201d _builder_version=\u201d4.27.5\u2033 _module_preset=\u201ddefault\u201d custom_button=\u201don\u201d button_text_size=\u201d15px\u201d button_text_color=\u201d#0a0a0a\u201d button_letter_spacing=\u201d2px\u201d button_font=\u201d\u2013et_global_body_font||||||||\u201d scroll_fade_enable=\u201don\u201d global_colors_info=\u201d{}\u201d][\/et_pb_button][\/et_pb_column][et_pb_column type=\u201d1_2\u2033 _builder_version=\u201d4.16\u2033 custom_padding=\u201d|||\u201d global_colors_info=\u201d{}\u201d custom_padding__hover=\u201d|||\u201d][et_pb_image src=\u201dhttps:\/\/rodasalonso.com\/wp-content\/uploads\/2024\/05\/banner_top2024.jpg\u201d title_text=\u201dbanner_top2024\u2033 align_tablet=\u201dcenter\u201d align_phone=\u201dcenter\u201d align_last_edited=\u201don|desktop\u201d _builder_version=\u201d4.25.1\u2033 max_width=\u201d52%\u201d module_alignment=\u201dcenter\u201d animation_style=\u201dzoom\u201d animation_direction=\u201dleft\u201d animation_intensity_zoom=\u201d5%\u201d border_radii=\u201don|10px|10px|10px|10px\u201d border_width_all=\u201d1px\u201d border_color_all=\u201drgba(51,51,51,0.1)\u201d box_shadow_style=\u201dpreset1\u2033 box_shadow_vertical=\u201d10px\u201d box_shadow_blur=\u201d30px\u201d box_shadow_color=\u201drgba(34,56,101,0.09)\u201d global_colors_info=\u201d{}\u201d][\/et_pb_image][\/et_pb_column][\/et_pb_row][et_pb_row column_structure=\u201d1_2,1_2\u2033 admin_label=\u201dRight Sided Image\u201d _builder_version=\u201d4.25.1\u2033 custom_padding=\u201d60px|0px|22px|0px||\u201d custom_css_main_element=\u201ddisplay: flex;||flex-wrap: wrap;\u201d global_colors_info=\u201d{}\u201d][et_pb_column type=\u201d1_2\u2033 _builder_version=\u201d4.25.1\u2033 custom_padding=\u201d|||\u201d global_colors_info=\u201d{}\u201d custom_padding__hover=\u201d|||\u201d custom_css_main_element_last_edited=\u201don|phone\u201d custom_css_main_element_phone=\u201dorder: 1;\u201d][et_pb_image src=\u201dhttps:\/\/rodasalonso.com\/wp-content\/uploads\/2024\/05\/revista2023-2.jpg\u201d title_text=\u201drevista2023 (2)\u201d align_tablet=\u201dcenter\u201d align_phone=\u201dcenter\u201d align_last_edited=\u201don|desktop\u201d module_id=\u201d2023\u2033 _builder_version=\u201d4.25.1\u2033 max_width=\u201d52%\u201d module_alignment=\u201dcenter\u201d custom_margin_tablet=\u201d\u201d custom_margin_phone=\u201d42px||||false|false\u201d custom_margin_last_edited=\u201don|phone\u201d animation_style=\u201dzoom\u201d animation_direction=\u201dleft\u201d animation_intensity_zoom=\u201d5%\u201d border_radii=\u201don|10px|10px|10px|10px\u201d border_width_all=\u201d1px\u201d border_color_all=\u201drgba(51,51,51,0.1)\u201d box_shadow_style=\u201dpreset1\u2033 box_shadow_vertical=\u201d10px\u201d box_shadow_blur=\u201d30px\u201d box_shadow_color=\u201drgba(34,56,101,0.09)\u201d global_colors_info=\u201d{}\u201d][\/et_pb_image][\/et_pb_column][et_pb_column type=\u201d1_2\u2033 _builder_version=\u201d4.16\u2033 custom_padding=\u201d|||\u201d global_colors_info=\u201d{}\u201d custom_padding__hover=\u201d|||\u201d][et_pb_text module_id=\u201d2023\u2033 _builder_version=\u201d4.27.5\u2033 text_font=\u201d\u2013et_global_body_font||||||||\u201d text_text_color=\u201d#0a0808\u2033 text_font_size=\u201d18px\u201d text_line_height=\u201d1.8em\u201d header_font=\u201d||||||||\u201d header_text_align=\u201dleft\u201d header_text_color=\u201d#535b7c\u201d header_font_size=\u201d45px\u201d header_line_height=\u201d1.4em\u201d header_2_font=\u201dCormorant SC|700|||||||\u201d header_2_text_color=\u201d#0a0606\u2033 header_2_font_size=\u201d35px\u201d header_2_line_height=\u201d1.3em\u201d max_width=\u201d700px\u201d module_alignment=\u201dcenter\u201d hover_enabled=\u201d0\u2033 global_colors_info=\u201d{}\u201d sticky_enabled=\u201d0\u2033]<\/p>\n<h2><b><span style=\"vertical-align: inherit;\">\u201cTops m\u00e9xico 2023: los mejores abogados en m\u00e9xico\u201d<\/span><\/b><\/h2>\n<p><span style=\"font-weight: 400;\">Rodas Alonso Abogados, S.C., fue contemplada como una de las mejores Firmas, en la categor\u00eda de Litigio, dentro de la Edici\u00f3n 2023 del ranking<\/span><\/p>\n<p>[\/et_pb_text][et_pb_button button_url=\u201dhttps:\/\/topslosmejoresabogados.com\/suplemento-2023\/\u201d url_new_window=\u201don\u201d button_text=\u201dVer publicaci\u00f3n\u201d _builder_version=\u201d4.25.1\u2033 _module_preset=\u201ddefault\u201d custom_button=\u201don\u201d button_text_size=\u201d15px\u201d button_text_color=\u201d#0a0a0a\u201d button_letter_spacing=\u201d2px\u201d button_font=\u201d\u2013et_global_body_font||||||||\u201d scroll_fade_enable=\u201don\u201d global_colors_info=\u201d{}\u201d][\/et_pb_button][\/et_pb_column][\/et_pb_row][et_pb_row column_structure=\u201d1_2,1_2\u2033 admin_label=\u201dRight Sided Image\u201d _builder_version=\u201d4.25.1\u2033 custom_padding=\u201d60px|0px|22px|0px||\u201d global_colors_info=\u201d{}\u201d][et_pb_column type=\u201d1_2\u2033 _builder_version=\u201d4.16\u2033 custom_padding=\u201d|||\u201d global_colors_info=\u201d{}\u201d custom_padding__hover=\u201d|||\u201d][et_pb_text module_id=\u201d2022\u2033 _builder_version=\u201d4.27.5\u2033 text_font=\u201d\u2013et_global_body_font||||||||\u201d text_text_color=\u201d#0a0808\u2033 text_font_size=\u201d18px\u201d text_line_height=\u201d1.8em\u201d header_font=\u201d||||||||\u201d header_text_align=\u201dleft\u201d header_text_color=\u201d#535b7c\u201d header_font_size=\u201d45px\u201d header_line_height=\u201d1.4em\u201d header_2_font=\u201dCormorant SC|700|||||||\u201d header_2_text_color=\u201d#0a0606\u2033 header_2_font_size=\u201d35px\u201d header_2_line_height=\u201d1.3em\u201d max_width=\u201d700px\u201d module_alignment=\u201dcenter\u201d hover_enabled=\u201d0\u2033 global_colors_info=\u201d{}\u201d sticky_enabled=\u201d0\u2033]<\/p>\n<h2><b><span style=\"vertical-align: inherit;\">\u201cTops m\u00e9xico 2022: los mejores abogados en m\u00e9xico\u201d<\/span><\/b><\/h2>\n<p><span style=\"font-weight: 400;\">Rodas Alonso Abogados, S.C., fue contemplada como una de las mejores Firmas, en la categor\u00eda de Litigio, dentro de la Edici\u00f3n 2022 del ranking<\/span><\/p>\n<p>[\/et_pb_text][et_pb_button button_url=\u201dhttps:\/\/topslosmejoresabogados.com\/suplemento-2022\/\u201d url_new_window=\u201don\u201d button_text=\u201dVer publicaci\u00f3n\u201d _builder_version=\u201d4.25.1\u2033 _module_preset=\u201ddefault\u201d custom_button=\u201don\u201d button_text_size=\u201d15px\u201d button_text_color=\u201d#0a0a0a\u201d button_letter_spacing=\u201d2px\u201d button_font=\u201d\u2013et_global_body_font||||||||\u201d custom_margin=\u201d||56px|||\u201d scroll_fade_enable=\u201don\u201d global_colors_info=\u201d{}\u201d][\/et_pb_button][\/et_pb_column][et_pb_column type=\u201d1_2\u2033 _builder_version=\u201d4.16\u2033 custom_padding=\u201d|||\u201d global_colors_info=\u201d{}\u201d custom_padding__hover=\u201d|||\u201d][et_pb_image src=\u201dhttps:\/\/rodasalonso.com\/wp-content\/uploads\/2024\/05\/32.jpg\u201d title_text=\u201d32\u2033 align_tablet=\u201dcenter\u201d align_phone=\u201dcenter\u201d align_last_edited=\u201don|desktop\u201d _builder_version=\u201d4.25.1\u2033 max_width=\u201d50%\u201d module_alignment=\u201dcenter\u201d custom_margin=\u201d10px|||||\u201d custom_margin_tablet=\u201d10px|||||\u201d custom_margin_phone=\u201d-35px||||false|false\u201d custom_margin_last_edited=\u201don|phone\u201d animation_style=\u201dzoom\u201d animation_direction=\u201dright\u201d animation_intensity_zoom=\u201d5%\u201d border_radii=\u201don|10px|10px|10px|10px\u201d border_width_all=\u201d1px\u201d border_color_all=\u201drgba(51,51,51,0.1)\u201d box_shadow_style=\u201dpreset1\u2033 box_shadow_vertical=\u201d10px\u201d box_shadow_blur=\u201d30px\u201d box_shadow_color=\u201drgba(34,56,101,0.09)\u201d global_colors_info=\u201d{}\u201d][\/et_pb_image][\/et_pb_column][\/et_pb_row][et_pb_row column_structure=\u201d1_2,1_2\u2033 admin_label=\u201dRight Sided Image\u201d _builder_version=\u201d4.25.1\u2033 custom_padding=\u201d13px|0px|60px|0px||\u201d custom_css_main_element=\u201ddisplay: flex;||flex-wrap: wrap;\u201d global_colors_info=\u201d{}\u201d][et_pb_column type=\u201d1_2\u2033 _builder_version=\u201d4.25.1\u2033 custom_padding=\u201d|||\u201d custom_padding_tablet=\u201d|||\u201d custom_padding_phone=\u201d17px||||false|false\u201d custom_padding_last_edited=\u201don|phone\u201d global_colors_info=\u201d{}\u201d custom_padding__hover=\u201d|||\u201d custom_css_main_element_last_edited=\u201don|phone\u201d custom_css_main_element_phone=\u201dorder: 1;\u201d][et_pb_image src=\u201dhttps:\/\/rodasalonso.com\/wp-content\/uploads\/2024\/05\/31.jpg\u201d title_text=\u201d31\u2033 align_tablet=\u201dcenter\u201d align_phone=\u201dcenter\u201d align_last_edited=\u201don|desktop\u201d _builder_version=\u201d4.25.1\u2033 max_width=\u201d52%\u201d module_alignment=\u201dcenter\u201d custom_margin=\u201d18px|||910px|false|false\u201d animation_style=\u201dzoom\u201d animation_direction=\u201dleft\u201d animation_intensity_zoom=\u201d5%\u201d border_radii=\u201don|10px|10px|10px|10px\u201d border_width_all=\u201d1px\u201d border_color_all=\u201drgba(51,51,51,0.1)\u201d box_shadow_style=\u201dpreset1\u2033 box_shadow_vertical=\u201d10px\u201d box_shadow_blur=\u201d30px\u201d box_shadow_color=\u201drgba(34,56,101,0.09)\u201d global_colors_info=\u201d{}\u201d][\/et_pb_image][\/et_pb_column][et_pb_column type=\u201d1_2\u2033 _builder_version=\u201d4.16\u2033 custom_padding=\u201d|||\u201d global_colors_info=\u201d{}\u201d custom_padding__hover=\u201d|||\u201d][et_pb_text module_id=\u201d2021\u2033 _builder_version=\u201d4.25.1\u2033 text_font=\u201d\u2013et_global_body_font||||||||\u201d text_text_color=\u201d#0a0808\u2033 text_font_size=\u201d18px\u201d text_line_height=\u201d1.8em\u201d header_font=\u201d||||||||\u201d header_text_align=\u201dleft\u201d header_text_color=\u201d#0a0606\u2033 header_font_size=\u201d32px\u201d header_line_height=\u201d1.4em\u201d header_2_font=\u201dCormorant SC|700|||||||\u201d header_2_text_color=\u201d#0a0606\u2033 header_2_font_size=\u201d40px\u201d header_2_line_height=\u201d1.3em\u201d max_width=\u201d700px\u201d module_alignment=\u201dcenter\u201d global_colors_info=\u201d{}\u201d]<\/p>\n<h2><b><span style=\"vertical-align: inherit;\">\u201cTops m\u00e9xico 2021: los mejores abogados en m\u00e9xico\u201d<\/span><\/b><\/h2>\n<p><span style=\"font-weight: 400;\">Rodas Alonso Abogados, S.C., fue contemplada como una de las mejores Firmas, en la categor\u00eda de Litigio, dentro de la Edici\u00f3n 2021 del ranking<\/span><\/p>\n<p>[\/et_pb_text][et_pb_button button_url=\u201dhttps:\/\/topslosmejoresabogados.com\/suplemento-2021\/\u201d url_new_window=\u201don\u201d button_text=\u201dVer publicaci\u00f3n\u201d _builder_version=\u201d4.25.1\u2033 _module_preset=\u201ddefault\u201d custom_button=\u201don\u201d button_text_size=\u201d15px\u201d button_text_color=\u201d#0a0a0a\u201d button_letter_spacing=\u201d2px\u201d button_font=\u201d\u2013et_global_body_font||||||||\u201d scroll_fade_enable=\u201don\u201d global_colors_info=\u201d{}\u201d][\/et_pb_button][\/et_pb_column][\/et_pb_row][\/et_pb_section]<\/p>\n<\/body>","protected":false},"excerpt":{"rendered":"<p>&#8220;Tops m\u00e9xico 2026: los mejores abogados en m\u00e9xico&#8221; Accede al Top Ranking 2026 de Tops M\u00e9xico, un espacio informativo que re\u00fane a las firmas legales con mayor proyecci\u00f3n y reconocimiento en M\u00e9xico, conforme a los criterios editoriales de la publicaci\u00f3n.&#8221;Tops m\u00e9xico 2025: los mejores abogados en m\u00e9xico&#8221; Consulta la edici\u00f3n 2025 del ranking Tops M\u00e9xico, [&hellip;]<\/p>\n","protected":false},"author":1,"featured_media":0,"parent":0,"menu_order":0,"comment_status":"closed","ping_status":"closed","template":"","meta":{"_et_pb_use_builder":"on","_et_pb_old_content":"","_et_gb_content_width":"","om_disable_all_campaigns":false,"footnotes":""},"class_list":["post-51","page","type-page","status-publish","hentry"],"_links":{"self":[{"href":"https:\/\/rodasalonso.com\/en\/wp-json\/wp\/v2\/pages\/51","targetHints":{"allow":["GET"]}}],"collection":[{"href":"https:\/\/rodasalonso.com\/en\/wp-json\/wp\/v2\/pages"}],"about":[{"href":"https:\/\/rodasalonso.com\/en\/wp-json\/wp\/v2\/types\/page"}],"author":[{"embeddable":true,"href":"https:\/\/rodasalonso.com\/en\/wp-json\/wp\/v2\/users\/1"}],"replies":[{"embeddable":true,"href":"https:\/\/rodasalonso.com\/en\/wp-json\/wp\/v2\/comments?post=51"}],"version-history":[{"count":4,"href":"https:\/\/rodasalonso.com\/en\/wp-json\/wp\/v2\/pages\/51\/revisions"}],"predecessor-version":[{"id":1320,"href":"https:\/\/rodasalonso.com\/en\/wp-json\/wp\/v2\/pages\/51\/revisions\/1320"}],"wp:attachment":[{"href":"https:\/\/rodasalonso.com\/en\/wp-json\/wp\/v2\/media?parent=51"}],"curies":[{"name":"wp","href":"https:\/\/api.w.org\/{rel}","templated":true}]}}